{"id":2295,"date":"2016-09-29T21:52:53","date_gmt":"2016-09-29T21:52:53","guid":{"rendered":"https:\/\/federicomirandacr.com\/?page_id=2295"},"modified":"2016-10-13T17:38:55","modified_gmt":"2016-10-13T17:38:55","slug":"gotas-en-el-aire","status":"publish","type":"page","link":"https:\/\/federicomirandacr.com\/es\/gotas-en-el-aire\/","title":{"rendered":"Gotas en el Aire"},"content":{"rendered":"<p>[vc_row iron_row_type=\u00bbin_container\u00bb iron_remove_padding_medium=\u00bb\u00bb iron_remove_padding_small=\u00bb\u00bb iron_overlay_pattern=\u00bb\u00bb iron_parallax=\u00bb\u00bb iron_bg_video=\u00bb\u00bb][vc_column width=\u00bb1\/2&#8243;][vc_single_image image=\u00bb2296&#8243; img_size=\u00bb500&#215;500&#8243; alignment=\u00bbcenter\u00bb onclick=\u00bblink_image\u00bb img_fullwidth=\u00bb0&#8243;][\/vc_column][vc_column width=\u00bb1\/2&#8243; css=\u00bb.vc_custom_1476299577058{padding-right: 40px !important;padding-left: 40px !important;}\u00bb][vc_column_text]<iframe loading=\"lazy\" src=\"https:\/\/embed.spotify.com\/?uri=spotify:album:2tg9KqipPpOKII28Ql6ccq&amp;theme=white\" width=\"300\" height=\"380\" frameborder=\"0\" align=\"middle\"><\/iframe>[\/vc_column_text][vc_row_inner iron_bg_video=\u00bb\u00bb][vc_column_inner][vc_column_text]<\/p>\n<h2>Buy From<\/h2>\n<p>[\/vc_column_text][vc_empty_space][\/vc_column_inner][\/vc_row_inner][vc_row_inner iron_bg_video=\u00bb\u00bb][vc_column_inner width=\u00bb1\/6&#8243;][bsf-info-box icon=\u00bbDefaults-apple\u00bb icon_size=\u00bb32&#8243; icon_style=\u00bbcircle\u00bb icon_color_bg=\u00bb#ededed\u00bb read_more=\u00bbbox\u00bb link=\u00bburl:https%3A%2F%2Fitunes.apple.com%2Fus%2Falbum%2Fgotas-en-el-aire-single%2Fid879113209||target:%20_blank|\u00bb hover_effect=\u00bbstyle_3&#8243; pos=\u00bbtop\u00bb][\/bsf-info-box][\/vc_column_inner][vc_column_inner width=\u00bb1\/6&#8243;][\/vc_column_inner][vc_column_inner width=\u00bb1\/6&#8243;][\/vc_column_inner][vc_column_inner width=\u00bb1\/6&#8243;][\/vc_column_inner][vc_column_inner width=\u00bb1\/6&#8243;][\/vc_column_inner][vc_column_inner width=\u00bb1\/6&#8243;][\/vc_column_inner][\/vc_row_inner][\/vc_column][\/vc_row][vc_row iron_row_type=\u00bbin_container\u00bb iron_remove_padding_medium=\u00bb\u00bb iron_remove_padding_small=\u00bb\u00bb iron_overlay_pattern=\u00bb\u00bb iron_parallax=\u00bb\u00bb iron_bg_video=\u00bb\u00bb][vc_column][vc_empty_space height=\u00bb24px\u00bb][vc_separator color=\u00bbblack\u00bb border_width=\u00bb2&#8243; el_width=\u00bb90&#8243;][\/vc_column][\/vc_row][vc_row iron_row_type=\u00bbin_container\u00bb iron_remove_padding_medium=\u00bb\u00bb iron_remove_padding_small=\u00bb\u00bb iron_overlay_pattern=\u00bb\u00bb iron_parallax=\u00bb\u00bb iron_bg_video=\u00bb\u00bb][vc_column][vc_custom_heading text=\u00bbALBUM NOTES\u00bb font_container=\u00bbtag:h3|text_align:center\u00bb use_theme_fonts=\u00bbyes\u00bb fit_bg_text=\u00bb0&#8243;][vc_column_text]<\/p>\n<div class=\"tralbumData tralbum-about\">\n<p>hace rato ten\u00eda esta idea donde la guitarra ac\u00fastica fuera procesada para lograr un sonido como \u00absubacu\u00e1tico\u00bb\u2026 poco a poco se fueran sumando elementos, texturas y notas jugando siempre con la misma progresi\u00f3n de tres acordes. hay muchos detalles y sonidos escondidos, es m\u00e1s, algunos suenan s\u00f3lo una vez. en fin, lo que buscaba era transmitir un viaje en la imaginaci\u00f3n desde las gotas de mar de las olas hasta lo m\u00e1s profundo y m\u00e1s peque\u00f1o del mundo submarino. aqu\u00ed est\u00e1 finalmente \u00abgotas en el aire\u00bb.<\/p>\n<p>parte de esta guitarra se us\u00f3 en el soundtrack del cortometraje \u00abthe red bridge\u00bb dirigido por hern\u00e1n jim\u00e9nez. gracias tambi\u00e9n a hern\u00e1n por la foto de la ola de la portada.<\/p>\n<p>por \u00faltimo: jairo, no te conoc\u00ed en persona\u2026 pero no me puedo quedar sin decirte: gracias por cuidar al mar, a las tortugas y a la vida. espero que hoy est\u00e9s en un lugar tan tranquilo y perfecto como el azul del mar que te vio crecer.<\/p>\n<p>guitarra ac\u00fastica: Alvarez AD60SC<br \/>\nguitarra el\u00e9ctrica (solo): Vigier Excalibur<br \/>\nguitarra el\u00e9ctrica arpegios: Fender Stratocaster SRV<br \/>\npastillas: DiMarzio<\/p>\n<p>tonalidad: Db (capo en 6to traste)<\/p>\n<\/div>\n<h4 class=\"credits-label\">credits<\/h4>\n<div class=\"tralbumData tralbum-credits\">released June 5, 2013<br \/>\nfederico miranda: guitarra ac\u00fastica, guitarra el\u00e9ctrica, programaciones, teclados, loops, percusi\u00f3n, efectos, grabaci\u00f3n, mezcla, masterizaci\u00f3n.<\/div>\n<p>m\u00fasica por federico miranda.<\/p>\n<p>fotograf\u00eda de portada: hern\u00e1n jim\u00e9nez.<\/p>\n<p>basada en un fragmento musical del cortometraje \u00abthe red bridge\u00bb de hern\u00e1n jim\u00e9nez.<\/p>\n<p>realizada en estudios baula, san jos\u00e9, costa rica.[\/vc_column_text][\/vc_column][\/vc_row]<\/p>\n","protected":false},"excerpt":{"rendered":"<p>[vc_row iron_row_type=\u00bbin_container\u00bb iron_remove_padding_medium=\u00bb\u00bb iron_remove_padding_small=\u00bb\u00bb iron_overlay_pattern=\u00bb\u00bb iron_parallax=\u00bb\u00bb iron_bg_video=\u00bb\u00bb][vc_column width=\u00bb1\/2&#8243;][vc_single_image image=\u00bb2296&#8243; img_size=\u00bb500&#215;500&#8243; alignment=\u00bbcenter\u00bb onclick=\u00bblink_image\u00bb img_fullwidth=\u00bb0&#8243;][\/vc_column][vc_column width=\u00bb1\/2&#8243; css=\u00bb.vc_custom_1476299577058{padding-right: 40px !important;padding-left: 40px !important;}\u00bb][vc_column_text][\/vc_column_text][vc_row_inner iron_bg_video=\u00bb\u00bb][vc_column_inner][vc_column_text] Buy From [\/vc_column_text][vc_empty_space][\/vc_column_inner][\/vc_row_inner][vc_row_inner iron_bg_video=\u00bb\u00bb][vc_column_inner width=\u00bb1\/6&#8243;][bsf-info-box icon=\u00bbDefaults-apple\u00bb icon_size=\u00bb32&#8243; icon_style=\u00bbcircle\u00bb icon_color_bg=\u00bb#ededed\u00bb read_more=\u00bbbox\u00bb link=\u00bburl:https%3A%2F%2Fitunes.apple.com%2Fus%2Falbum%2Fgotas-en-el-aire-single%2Fid879113209||target:%20_blank|\u00bb hover_effect=\u00bbstyle_3&#8243; pos=\u00bbtop\u00bb][\/bsf-info-box][\/vc_column_inner][vc_column_inner width=\u00bb1\/6&#8243;][\/vc_column_inner][vc_column_inner width=\u00bb1\/6&#8243;][\/vc_column_inner][vc_column_inner width=\u00bb1\/6&#8243;][\/vc_column_inner][vc_column_inner width=\u00bb1\/6&#8243;][\/vc_column_inner][vc_column_inner width=\u00bb1\/6&#8243;][\/vc_column_inner][\/vc_row_inner][\/vc_column][\/vc_row][vc_row iron_row_type=\u00bbin_container\u00bb iron_remove_padding_medium=\u00bb\u00bb iron_remove_padding_small=\u00bb\u00bb iron_overlay_pattern=\u00bb\u00bb iron_parallax=\u00bb\u00bb iron_bg_video=\u00bb\u00bb][vc_column][vc_empty_space height=\u00bb24px\u00bb][vc_separator color=\u00bbblack\u00bb border_width=\u00bb2&#8243; el_width=\u00bb90&#8243;][\/vc_column][\/vc_row][vc_row iron_row_type=\u00bbin_container\u00bb iron_remove_padding_medium=\u00bb\u00bb iron_remove_padding_small=\u00bb\u00bb iron_overlay_pattern=\u00bb\u00bb iron_parallax=\u00bb\u00bb iron_bg_video=\u00bb\u00bb][vc_column][vc_custom_heading text=\u00bbALBUM NOTES\u00bb font_container=\u00bbtag:h3|text_align:center\u00bb use_theme_fonts=\u00bbyes\u00bb fit_bg_text=\u00bb0&#8243;][vc_column_text] hace rato ten\u00eda esta idea donde la guitarra ac\u00fastica fuera procesada para lograr un sonido como \u00absubacu\u00e1tico\u00bb\u2026 poco a poco se [&hellip;]<\/p>\n","protected":false},"author":2,"featured_media":0,"parent":0,"menu_order":0,"comment_status":"closed","ping_status":"closed","template":"","meta":{"_acf_changed":false,"footnotes":""},"acf":[],"yoast_head":"<!-- This site is optimized with the Yoast SEO plugin v23.0 - https:\/\/yoast.com\/wordpress\/plugins\/seo\/ -->\n<title>Gotas en el Aire - Federico Miranda<\/title>\n<meta name=\"robots\" content=\"index, follow, max-snippet:-1, max-image-preview:large, max-video-preview:-1\" \/>\n<link rel=\"canonical\" href=\"https:\/\/federicomirandacr.com\/gotas-en-el-aire\/\" \/>\n<meta property=\"og:locale\" content=\"es_ES\" \/>\n<meta property=\"og:type\" content=\"article\" \/>\n<meta property=\"og:title\" content=\"Gotas en el Aire - Federico Miranda\" \/>\n<meta property=\"og:description\" content=\"[vc_row iron_row_type=\u00bbin_container\u00bb iron_remove_padding_medium=\u00bb\u00bb iron_remove_padding_small=\u00bb\u00bb iron_overlay_pattern=\u00bb\u00bb iron_parallax=\u00bb\u00bb iron_bg_video=\u00bb\u00bb][vc_column width=\u00bb1\/2&#8243;][vc_single_image image=\u00bb2296&#8243; img_size=\u00bb500&#215;500&#8243; alignment=\u00bbcenter\u00bb onclick=\u00bblink_image\u00bb img_fullwidth=\u00bb0&#8243;][\/vc_column][vc_column width=\u00bb1\/2&#8243; css=\u00bb.vc_custom_1476299577058{padding-right: 40px !important;padding-left: 40px !important;}\u00bb][vc_column_text][\/vc_column_text][vc_row_inner iron_bg_video=\u00bb\u00bb][vc_column_inner][vc_column_text] Buy From [\/vc_column_text][vc_empty_space][\/vc_column_inner][\/vc_row_inner][vc_row_inner iron_bg_video=\u00bb\u00bb][vc_column_inner width=\u00bb1\/6&#8243;][bsf-info-box icon=\u00bbDefaults-apple\u00bb icon_size=\u00bb32&#8243; icon_style=\u00bbcircle\u00bb icon_color_bg=\u00bb#ededed\u00bb read_more=\u00bbbox\u00bb link=\u00bburl:https%3A%2F%2Fitunes.apple.com%2Fus%2Falbum%2Fgotas-en-el-aire-single%2Fid879113209||target:%20_blank|\u00bb hover_effect=\u00bbstyle_3&#8243; pos=\u00bbtop\u00bb][\/bsf-info-box][\/vc_column_inner][vc_column_inner width=\u00bb1\/6&#8243;][\/vc_column_inner][vc_column_inner width=\u00bb1\/6&#8243;][\/vc_column_inner][vc_column_inner width=\u00bb1\/6&#8243;][\/vc_column_inner][vc_column_inner width=\u00bb1\/6&#8243;][\/vc_column_inner][vc_column_inner width=\u00bb1\/6&#8243;][\/vc_column_inner][\/vc_row_inner][\/vc_column][\/vc_row][vc_row iron_row_type=\u00bbin_container\u00bb iron_remove_padding_medium=\u00bb\u00bb iron_remove_padding_small=\u00bb\u00bb iron_overlay_pattern=\u00bb\u00bb iron_parallax=\u00bb\u00bb iron_bg_video=\u00bb\u00bb][vc_column][vc_empty_space height=\u00bb24px\u00bb][vc_separator color=\u00bbblack\u00bb border_width=\u00bb2&#8243; el_width=\u00bb90&#8243;][\/vc_column][\/vc_row][vc_row iron_row_type=\u00bbin_container\u00bb iron_remove_padding_medium=\u00bb\u00bb iron_remove_padding_small=\u00bb\u00bb iron_overlay_pattern=\u00bb\u00bb iron_parallax=\u00bb\u00bb iron_bg_video=\u00bb\u00bb][vc_column][vc_custom_heading text=\u00bbALBUM NOTES\u00bb font_container=\u00bbtag:h3|text_align:center\u00bb use_theme_fonts=\u00bbyes\u00bb fit_bg_text=\u00bb0&#8243;][vc_column_text] hace rato ten\u00eda esta idea donde la guitarra ac\u00fastica fuera procesada para lograr un sonido como \u00absubacu\u00e1tico\u00bb\u2026 poco a poco se [&hellip;]\" \/>\n<meta property=\"og:url\" content=\"https:\/\/federicomirandacr.com\/gotas-en-el-aire\/\" \/>\n<meta property=\"og:site_name\" content=\"Federico Miranda\" \/>\n<meta property=\"article:modified_time\" content=\"2016-10-13T17:38:55+00:00\" \/>\n<meta name=\"twitter:card\" content=\"summary_large_image\" \/>\n<meta name=\"twitter:label1\" content=\"Tiempo de lectura\" \/>\n\t<meta name=\"twitter:data1\" content=\"3 minutos\" \/>\n<script type=\"application\/ld+json\" class=\"yoast-schema-graph\">{\"@context\":\"https:\/\/schema.org\",\"@graph\":[{\"@type\":\"WebPage\",\"@id\":\"https:\/\/federicomirandacr.com\/gotas-en-el-aire\/\",\"url\":\"https:\/\/federicomirandacr.com\/gotas-en-el-aire\/\",\"name\":\"Gotas en el Aire - Federico Miranda\",\"isPartOf\":{\"@id\":\"https:\/\/federicomirandacr.com\/es\/#website\"},\"datePublished\":\"2016-09-29T21:52:53+00:00\",\"dateModified\":\"2016-10-13T17:38:55+00:00\",\"breadcrumb\":{\"@id\":\"https:\/\/federicomirandacr.com\/gotas-en-el-aire\/#breadcrumb\"},\"inLanguage\":\"es\",\"potentialAction\":[{\"@type\":\"ReadAction\",\"target\":[\"https:\/\/federicomirandacr.com\/gotas-en-el-aire\/\"]}]},{\"@type\":\"BreadcrumbList\",\"@id\":\"https:\/\/federicomirandacr.com\/gotas-en-el-aire\/#breadcrumb\",\"itemListElement\":[{\"@type\":\"ListItem\",\"position\":1,\"name\":\"Home\",\"item\":\"https:\/\/federicomirandacr.com\/\"},{\"@type\":\"ListItem\",\"position\":2,\"name\":\"Gotas en el Aire\"}]},{\"@type\":\"WebSite\",\"@id\":\"https:\/\/federicomirandacr.com\/es\/#website\",\"url\":\"https:\/\/federicomirandacr.com\/es\/\",\"name\":\"Federico Miranda\",\"description\":\"\",\"potentialAction\":[{\"@type\":\"SearchAction\",\"target\":{\"@type\":\"EntryPoint\",\"urlTemplate\":\"https:\/\/federicomirandacr.com\/es\/?s={search_term_string}\"},\"query-input\":\"required name=search_term_string\"}],\"inLanguage\":\"es\"}]}<\/script>\n<!-- \/ Yoast SEO plugin. -->","yoast_head_json":{"title":"Gotas en el Aire - Federico Miranda","robots":{"index":"index","follow":"follow","max-snippet":"max-snippet:-1","max-image-preview":"max-image-preview:large","max-video-preview":"max-video-preview:-1"},"canonical":"https:\/\/federicomirandacr.com\/gotas-en-el-aire\/","og_locale":"es_ES","og_type":"article","og_title":"Gotas en el Aire - Federico Miranda","og_description":"[vc_row iron_row_type=\u00bbin_container\u00bb iron_remove_padding_medium=\u00bb\u00bb iron_remove_padding_small=\u00bb\u00bb iron_overlay_pattern=\u00bb\u00bb iron_parallax=\u00bb\u00bb iron_bg_video=\u00bb\u00bb][vc_column width=\u00bb1\/2&#8243;][vc_single_image image=\u00bb2296&#8243; img_size=\u00bb500&#215;500&#8243; alignment=\u00bbcenter\u00bb onclick=\u00bblink_image\u00bb img_fullwidth=\u00bb0&#8243;][\/vc_column][vc_column width=\u00bb1\/2&#8243; css=\u00bb.vc_custom_1476299577058{padding-right: 40px !important;padding-left: 40px !important;}\u00bb][vc_column_text][\/vc_column_text][vc_row_inner iron_bg_video=\u00bb\u00bb][vc_column_inner][vc_column_text] Buy From [\/vc_column_text][vc_empty_space][\/vc_column_inner][\/vc_row_inner][vc_row_inner iron_bg_video=\u00bb\u00bb][vc_column_inner width=\u00bb1\/6&#8243;][bsf-info-box icon=\u00bbDefaults-apple\u00bb icon_size=\u00bb32&#8243; icon_style=\u00bbcircle\u00bb icon_color_bg=\u00bb#ededed\u00bb read_more=\u00bbbox\u00bb link=\u00bburl:https%3A%2F%2Fitunes.apple.com%2Fus%2Falbum%2Fgotas-en-el-aire-single%2Fid879113209||target:%20_blank|\u00bb hover_effect=\u00bbstyle_3&#8243; pos=\u00bbtop\u00bb][\/bsf-info-box][\/vc_column_inner][vc_column_inner width=\u00bb1\/6&#8243;][\/vc_column_inner][vc_column_inner width=\u00bb1\/6&#8243;][\/vc_column_inner][vc_column_inner width=\u00bb1\/6&#8243;][\/vc_column_inner][vc_column_inner width=\u00bb1\/6&#8243;][\/vc_column_inner][vc_column_inner width=\u00bb1\/6&#8243;][\/vc_column_inner][\/vc_row_inner][\/vc_column][\/vc_row][vc_row iron_row_type=\u00bbin_container\u00bb iron_remove_padding_medium=\u00bb\u00bb iron_remove_padding_small=\u00bb\u00bb iron_overlay_pattern=\u00bb\u00bb iron_parallax=\u00bb\u00bb iron_bg_video=\u00bb\u00bb][vc_column][vc_empty_space height=\u00bb24px\u00bb][vc_separator color=\u00bbblack\u00bb border_width=\u00bb2&#8243; el_width=\u00bb90&#8243;][\/vc_column][\/vc_row][vc_row iron_row_type=\u00bbin_container\u00bb iron_remove_padding_medium=\u00bb\u00bb iron_remove_padding_small=\u00bb\u00bb iron_overlay_pattern=\u00bb\u00bb iron_parallax=\u00bb\u00bb iron_bg_video=\u00bb\u00bb][vc_column][vc_custom_heading text=\u00bbALBUM NOTES\u00bb font_container=\u00bbtag:h3|text_align:center\u00bb use_theme_fonts=\u00bbyes\u00bb fit_bg_text=\u00bb0&#8243;][vc_column_text] hace rato ten\u00eda esta idea donde la guitarra ac\u00fastica fuera procesada para lograr un sonido como \u00absubacu\u00e1tico\u00bb\u2026 poco a poco se [&hellip;]","og_url":"https:\/\/federicomirandacr.com\/gotas-en-el-aire\/","og_site_name":"Federico Miranda","article_modified_time":"2016-10-13T17:38:55+00:00","twitter_card":"summary_large_image","twitter_misc":{"Tiempo de lectura":"3 minutos"},"schema":{"@context":"https:\/\/schema.org","@graph":[{"@type":"WebPage","@id":"https:\/\/federicomirandacr.com\/gotas-en-el-aire\/","url":"https:\/\/federicomirandacr.com\/gotas-en-el-aire\/","name":"Gotas en el Aire - Federico Miranda","isPartOf":{"@id":"https:\/\/federicomirandacr.com\/es\/#website"},"datePublished":"2016-09-29T21:52:53+00:00","dateModified":"2016-10-13T17:38:55+00:00","breadcrumb":{"@id":"https:\/\/federicomirandacr.com\/gotas-en-el-aire\/#breadcrumb"},"inLanguage":"es","potentialAction":[{"@type":"ReadAction","target":["https:\/\/federicomirandacr.com\/gotas-en-el-aire\/"]}]},{"@type":"BreadcrumbList","@id":"https:\/\/federicomirandacr.com\/gotas-en-el-aire\/#breadcrumb","itemListElement":[{"@type":"ListItem","position":1,"name":"Home","item":"https:\/\/federicomirandacr.com\/"},{"@type":"ListItem","position":2,"name":"Gotas en el Aire"}]},{"@type":"WebSite","@id":"https:\/\/federicomirandacr.com\/es\/#website","url":"https:\/\/federicomirandacr.com\/es\/","name":"Federico Miranda","description":"","potentialAction":[{"@type":"SearchAction","target":{"@type":"EntryPoint","urlTemplate":"https:\/\/federicomirandacr.com\/es\/?s={search_term_string}"},"query-input":"required name=search_term_string"}],"inLanguage":"es"}]}},"_links":{"self":[{"href":"https:\/\/federicomirandacr.com\/es\/wp-json\/wp\/v2\/pages\/2295"}],"collection":[{"href":"https:\/\/federicomirandacr.com\/es\/wp-json\/wp\/v2\/pages"}],"about":[{"href":"https:\/\/federicomirandacr.com\/es\/wp-json\/wp\/v2\/types\/page"}],"author":[{"embeddable":true,"href":"https:\/\/federicomirandacr.com\/es\/wp-json\/wp\/v2\/users\/2"}],"replies":[{"embeddable":true,"href":"https:\/\/federicomirandacr.com\/es\/wp-json\/wp\/v2\/comments?post=2295"}],"version-history":[{"count":50,"href":"https:\/\/federicomirandacr.com\/es\/wp-json\/wp\/v2\/pages\/2295\/revisions"}],"predecessor-version":[{"id":2371,"href":"https:\/\/federicomirandacr.com\/es\/wp-json\/wp\/v2\/pages\/2295\/revisions\/2371"}],"wp:attachment":[{"href":"https:\/\/federicomirandacr.com\/es\/wp-json\/wp\/v2\/media?parent=2295"}],"curies":[{"name":"wp","href":"https:\/\/api.w.org\/{rel}","templated":true}]}}