{"id":2372,"date":"2016-10-13T00:04:16","date_gmt":"2016-10-13T00:04:16","guid":{"rendered":"https:\/\/federicomirandacr.com\/?page_id=2372"},"modified":"2016-10-13T17:43:39","modified_gmt":"2016-10-13T17:43:39","slug":"the-first-noel","status":"publish","type":"page","link":"https:\/\/federicomirandacr.com\/es\/the-first-noel\/","title":{"rendered":"The First Noel"},"content":{"rendered":"<p>[vc_row iron_row_type=\u00bbin_container\u00bb iron_remove_padding_medium=\u00bb\u00bb iron_remove_padding_small=\u00bb\u00bb iron_overlay_pattern=\u00bb\u00bb iron_parallax=\u00bb\u00bb iron_bg_video=\u00bb\u00bb][vc_column width=\u00bb1\/2&#8243;][vc_single_image image=\u00bb2373&#8243; img_size=\u00bb500&#215;500&#8243; alignment=\u00bbcenter\u00bb onclick=\u00bblink_image\u00bb img_fullwidth=\u00bb0&#8243;][\/vc_column][vc_column width=\u00bb1\/2&#8243; css=\u00bb.vc_custom_1476299577058{padding-right: 40px !important;padding-left: 40px !important;}\u00bb][vc_column_text]<iframe loading=\"lazy\" src=\"https:\/\/embed.spotify.com\/?uri=spotify:album:5SbA2pixTrdazhJuIcNTLC&amp;theme=white\" width=\"300\" height=\"380\" frameborder=\"0\"><\/iframe>[\/vc_column_text][vc_row_inner iron_bg_video=\u00bb\u00bb][vc_column_inner][vc_column_text]<\/p>\n<h2>Buy From<\/h2>\n<p>[\/vc_column_text][vc_empty_space][\/vc_column_inner][\/vc_row_inner][vc_row_inner iron_bg_video=\u00bb\u00bb][vc_column_inner width=\u00bb1\/6&#8243;][bsf-info-box icon=\u00bbDefaults-apple\u00bb icon_size=\u00bb32&#8243; icon_style=\u00bbcircle\u00bb icon_color_bg=\u00bb#ededed\u00bb read_more=\u00bbbox\u00bb link=\u00bburl:https%3A%2F%2Fitunes.apple.com%2Fus%2Falbum%2Fthe-first-noel-single%2Fid943127798||target:%20_blank|\u00bb hover_effect=\u00bbstyle_3&#8243; pos=\u00bbtop\u00bb][\/bsf-info-box][\/vc_column_inner][vc_column_inner width=\u00bb1\/6&#8243;][\/vc_column_inner][vc_column_inner width=\u00bb1\/6&#8243;][\/vc_column_inner][vc_column_inner width=\u00bb1\/6&#8243;][\/vc_column_inner][vc_column_inner width=\u00bb1\/6&#8243;][\/vc_column_inner][vc_column_inner width=\u00bb1\/6&#8243;][\/vc_column_inner][\/vc_row_inner][\/vc_column][\/vc_row][vc_row iron_row_type=\u00bbin_container\u00bb iron_remove_padding_medium=\u00bb\u00bb iron_remove_padding_small=\u00bb\u00bb iron_overlay_pattern=\u00bb\u00bb iron_parallax=\u00bb\u00bb iron_bg_video=\u00bb\u00bb][vc_column][vc_empty_space height=\u00bb24px\u00bb][vc_separator color=\u00bbblack\u00bb border_width=\u00bb2&#8243; el_width=\u00bb90&#8243;][\/vc_column][\/vc_row][vc_row iron_row_type=\u00bbin_container\u00bb iron_remove_padding_medium=\u00bb\u00bb iron_remove_padding_small=\u00bb\u00bb iron_overlay_pattern=\u00bb\u00bb iron_parallax=\u00bb\u00bb iron_bg_video=\u00bb\u00bb][vc_column][vc_custom_heading text=\u00bbALBUM NOTES\u00bb font_container=\u00bbtag:h3|text_align:center\u00bb use_theme_fonts=\u00bbyes\u00bb fit_bg_text=\u00bb0&#8243;][vc_column_text]Esta es una de mis canciones favoritas de navidad. Aqu\u00ed grabada con guitarra ac\u00fastica, el\u00e9ctrica, bajo y mandolina. Gracias y espero que les guste! FM.<\/p>\n<h3>credits<\/h3>\n<p>released November 18, 2014<br \/>\nFoto de portada: Playa Grande por Daniel Miranda<\/p>\n<p>Guitarras, arreglos, grabaci\u00f3n y mezcla: Federico Miranda.[\/vc_column_text][\/vc_column][\/vc_row]<\/p>\n","protected":false},"excerpt":{"rendered":"<p>[vc_row iron_row_type=\u00bbin_container\u00bb iron_remove_padding_medium=\u00bb\u00bb iron_remove_padding_small=\u00bb\u00bb iron_overlay_pattern=\u00bb\u00bb iron_parallax=\u00bb\u00bb iron_bg_video=\u00bb\u00bb][vc_column width=\u00bb1\/2&#8243;][vc_single_image image=\u00bb2373&#8243; img_size=\u00bb500&#215;500&#8243; alignment=\u00bbcenter\u00bb onclick=\u00bblink_image\u00bb img_fullwidth=\u00bb0&#8243;][\/vc_column][vc_column width=\u00bb1\/2&#8243; css=\u00bb.vc_custom_1476299577058{padding-right: 40px !important;padding-left: 40px !important;}\u00bb][vc_column_text][\/vc_column_text][vc_row_inner iron_bg_video=\u00bb\u00bb][vc_column_inner][vc_column_text] Buy From [\/vc_column_text][vc_empty_space][\/vc_column_inner][\/vc_row_inner][vc_row_inner iron_bg_video=\u00bb\u00bb][vc_column_inner width=\u00bb1\/6&#8243;][bsf-info-box icon=\u00bbDefaults-apple\u00bb icon_size=\u00bb32&#8243; icon_style=\u00bbcircle\u00bb icon_color_bg=\u00bb#ededed\u00bb read_more=\u00bbbox\u00bb link=\u00bburl:https%3A%2F%2Fitunes.apple.com%2Fus%2Falbum%2Fthe-first-noel-single%2Fid943127798||target:%20_blank|\u00bb hover_effect=\u00bbstyle_3&#8243; pos=\u00bbtop\u00bb][\/bsf-info-box][\/vc_column_inner][vc_column_inner width=\u00bb1\/6&#8243;][\/vc_column_inner][vc_column_inner width=\u00bb1\/6&#8243;][\/vc_column_inner][vc_column_inner width=\u00bb1\/6&#8243;][\/vc_column_inner][vc_column_inner width=\u00bb1\/6&#8243;][\/vc_column_inner][vc_column_inner width=\u00bb1\/6&#8243;][\/vc_column_inner][\/vc_row_inner][\/vc_column][\/vc_row][vc_row iron_row_type=\u00bbin_container\u00bb iron_remove_padding_medium=\u00bb\u00bb iron_remove_padding_small=\u00bb\u00bb iron_overlay_pattern=\u00bb\u00bb iron_parallax=\u00bb\u00bb iron_bg_video=\u00bb\u00bb][vc_column][vc_empty_space height=\u00bb24px\u00bb][vc_separator color=\u00bbblack\u00bb border_width=\u00bb2&#8243; el_width=\u00bb90&#8243;][\/vc_column][\/vc_row][vc_row iron_row_type=\u00bbin_container\u00bb iron_remove_padding_medium=\u00bb\u00bb iron_remove_padding_small=\u00bb\u00bb iron_overlay_pattern=\u00bb\u00bb iron_parallax=\u00bb\u00bb iron_bg_video=\u00bb\u00bb][vc_column][vc_custom_heading text=\u00bbALBUM NOTES\u00bb font_container=\u00bbtag:h3|text_align:center\u00bb use_theme_fonts=\u00bbyes\u00bb fit_bg_text=\u00bb0&#8243;][vc_column_text]Esta es una de mis canciones favoritas de navidad. Aqu\u00ed grabada con guitarra ac\u00fastica, el\u00e9ctrica, bajo y mandolina. Gracias y espero que [&hellip;]<\/p>\n","protected":false},"author":2,"featured_media":0,"parent":0,"menu_order":0,"comment_status":"closed","ping_status":"closed","template":"","meta":{"_acf_changed":false,"footnotes":""},"acf":[],"yoast_head":"<!-- This site is optimized with the Yoast SEO plugin v23.0 - https:\/\/yoast.com\/wordpress\/plugins\/seo\/ -->\n<title>The First Noel - Federico Miranda<\/title>\n<meta name=\"robots\" content=\"index, follow, max-snippet:-1, max-image-preview:large, max-video-preview:-1\" \/>\n<link rel=\"canonical\" href=\"https:\/\/federicomirandacr.com\/the-first-noel\/\" \/>\n<meta property=\"og:locale\" content=\"es_ES\" \/>\n<meta property=\"og:type\" content=\"article\" \/>\n<meta property=\"og:title\" content=\"The First Noel - Federico Miranda\" \/>\n<meta property=\"og:description\" content=\"[vc_row iron_row_type=\u00bbin_container\u00bb iron_remove_padding_medium=\u00bb\u00bb iron_remove_padding_small=\u00bb\u00bb iron_overlay_pattern=\u00bb\u00bb iron_parallax=\u00bb\u00bb iron_bg_video=\u00bb\u00bb][vc_column width=\u00bb1\/2&#8243;][vc_single_image image=\u00bb2373&#8243; img_size=\u00bb500&#215;500&#8243; alignment=\u00bbcenter\u00bb onclick=\u00bblink_image\u00bb img_fullwidth=\u00bb0&#8243;][\/vc_column][vc_column width=\u00bb1\/2&#8243; css=\u00bb.vc_custom_1476299577058{padding-right: 40px !important;padding-left: 40px !important;}\u00bb][vc_column_text][\/vc_column_text][vc_row_inner iron_bg_video=\u00bb\u00bb][vc_column_inner][vc_column_text] Buy From [\/vc_column_text][vc_empty_space][\/vc_column_inner][\/vc_row_inner][vc_row_inner iron_bg_video=\u00bb\u00bb][vc_column_inner width=\u00bb1\/6&#8243;][bsf-info-box icon=\u00bbDefaults-apple\u00bb icon_size=\u00bb32&#8243; icon_style=\u00bbcircle\u00bb icon_color_bg=\u00bb#ededed\u00bb read_more=\u00bbbox\u00bb link=\u00bburl:https%3A%2F%2Fitunes.apple.com%2Fus%2Falbum%2Fthe-first-noel-single%2Fid943127798||target:%20_blank|\u00bb hover_effect=\u00bbstyle_3&#8243; pos=\u00bbtop\u00bb][\/bsf-info-box][\/vc_column_inner][vc_column_inner width=\u00bb1\/6&#8243;][\/vc_column_inner][vc_column_inner width=\u00bb1\/6&#8243;][\/vc_column_inner][vc_column_inner width=\u00bb1\/6&#8243;][\/vc_column_inner][vc_column_inner width=\u00bb1\/6&#8243;][\/vc_column_inner][vc_column_inner width=\u00bb1\/6&#8243;][\/vc_column_inner][\/vc_row_inner][\/vc_column][\/vc_row][vc_row iron_row_type=\u00bbin_container\u00bb iron_remove_padding_medium=\u00bb\u00bb iron_remove_padding_small=\u00bb\u00bb iron_overlay_pattern=\u00bb\u00bb iron_parallax=\u00bb\u00bb iron_bg_video=\u00bb\u00bb][vc_column][vc_empty_space height=\u00bb24px\u00bb][vc_separator color=\u00bbblack\u00bb border_width=\u00bb2&#8243; el_width=\u00bb90&#8243;][\/vc_column][\/vc_row][vc_row iron_row_type=\u00bbin_container\u00bb iron_remove_padding_medium=\u00bb\u00bb iron_remove_padding_small=\u00bb\u00bb iron_overlay_pattern=\u00bb\u00bb iron_parallax=\u00bb\u00bb iron_bg_video=\u00bb\u00bb][vc_column][vc_custom_heading text=\u00bbALBUM NOTES\u00bb font_container=\u00bbtag:h3|text_align:center\u00bb use_theme_fonts=\u00bbyes\u00bb fit_bg_text=\u00bb0&#8243;][vc_column_text]Esta es una de mis canciones favoritas de navidad. Aqu\u00ed grabada con guitarra ac\u00fastica, el\u00e9ctrica, bajo y mandolina. Gracias y espero que [&hellip;]\" \/>\n<meta property=\"og:url\" content=\"https:\/\/federicomirandacr.com\/the-first-noel\/\" \/>\n<meta property=\"og:site_name\" content=\"Federico Miranda\" \/>\n<meta property=\"article:modified_time\" content=\"2016-10-13T17:43:39+00:00\" \/>\n<meta name=\"twitter:card\" content=\"summary_large_image\" \/>\n<meta name=\"twitter:label1\" content=\"Tiempo de lectura\" \/>\n\t<meta name=\"twitter:data1\" content=\"2 minutos\" \/>\n<script type=\"application\/ld+json\" class=\"yoast-schema-graph\">{\"@context\":\"https:\/\/schema.org\",\"@graph\":[{\"@type\":\"WebPage\",\"@id\":\"https:\/\/federicomirandacr.com\/the-first-noel\/\",\"url\":\"https:\/\/federicomirandacr.com\/the-first-noel\/\",\"name\":\"The First Noel - Federico Miranda\",\"isPartOf\":{\"@id\":\"https:\/\/federicomirandacr.com\/es\/#website\"},\"datePublished\":\"2016-10-13T00:04:16+00:00\",\"dateModified\":\"2016-10-13T17:43:39+00:00\",\"breadcrumb\":{\"@id\":\"https:\/\/federicomirandacr.com\/the-first-noel\/#breadcrumb\"},\"inLanguage\":\"es\",\"potentialAction\":[{\"@type\":\"ReadAction\",\"target\":[\"https:\/\/federicomirandacr.com\/the-first-noel\/\"]}]},{\"@type\":\"BreadcrumbList\",\"@id\":\"https:\/\/federicomirandacr.com\/the-first-noel\/#breadcrumb\",\"itemListElement\":[{\"@type\":\"ListItem\",\"position\":1,\"name\":\"Home\",\"item\":\"https:\/\/federicomirandacr.com\/\"},{\"@type\":\"ListItem\",\"position\":2,\"name\":\"The First Noel\"}]},{\"@type\":\"WebSite\",\"@id\":\"https:\/\/federicomirandacr.com\/es\/#website\",\"url\":\"https:\/\/federicomirandacr.com\/es\/\",\"name\":\"Federico Miranda\",\"description\":\"\",\"potentialAction\":[{\"@type\":\"SearchAction\",\"target\":{\"@type\":\"EntryPoint\",\"urlTemplate\":\"https:\/\/federicomirandacr.com\/es\/?s={search_term_string}\"},\"query-input\":\"required name=search_term_string\"}],\"inLanguage\":\"es\"}]}<\/script>\n<!-- \/ Yoast SEO plugin. -->","yoast_head_json":{"title":"The First Noel - Federico Miranda","robots":{"index":"index","follow":"follow","max-snippet":"max-snippet:-1","max-image-preview":"max-image-preview:large","max-video-preview":"max-video-preview:-1"},"canonical":"https:\/\/federicomirandacr.com\/the-first-noel\/","og_locale":"es_ES","og_type":"article","og_title":"The First Noel - Federico Miranda","og_description":"[vc_row iron_row_type=\u00bbin_container\u00bb iron_remove_padding_medium=\u00bb\u00bb iron_remove_padding_small=\u00bb\u00bb iron_overlay_pattern=\u00bb\u00bb iron_parallax=\u00bb\u00bb iron_bg_video=\u00bb\u00bb][vc_column width=\u00bb1\/2&#8243;][vc_single_image image=\u00bb2373&#8243; img_size=\u00bb500&#215;500&#8243; alignment=\u00bbcenter\u00bb onclick=\u00bblink_image\u00bb img_fullwidth=\u00bb0&#8243;][\/vc_column][vc_column width=\u00bb1\/2&#8243; css=\u00bb.vc_custom_1476299577058{padding-right: 40px !important;padding-left: 40px !important;}\u00bb][vc_column_text][\/vc_column_text][vc_row_inner iron_bg_video=\u00bb\u00bb][vc_column_inner][vc_column_text] Buy From [\/vc_column_text][vc_empty_space][\/vc_column_inner][\/vc_row_inner][vc_row_inner iron_bg_video=\u00bb\u00bb][vc_column_inner width=\u00bb1\/6&#8243;][bsf-info-box icon=\u00bbDefaults-apple\u00bb icon_size=\u00bb32&#8243; icon_style=\u00bbcircle\u00bb icon_color_bg=\u00bb#ededed\u00bb read_more=\u00bbbox\u00bb link=\u00bburl:https%3A%2F%2Fitunes.apple.com%2Fus%2Falbum%2Fthe-first-noel-single%2Fid943127798||target:%20_blank|\u00bb hover_effect=\u00bbstyle_3&#8243; pos=\u00bbtop\u00bb][\/bsf-info-box][\/vc_column_inner][vc_column_inner width=\u00bb1\/6&#8243;][\/vc_column_inner][vc_column_inner width=\u00bb1\/6&#8243;][\/vc_column_inner][vc_column_inner width=\u00bb1\/6&#8243;][\/vc_column_inner][vc_column_inner width=\u00bb1\/6&#8243;][\/vc_column_inner][vc_column_inner width=\u00bb1\/6&#8243;][\/vc_column_inner][\/vc_row_inner][\/vc_column][\/vc_row][vc_row iron_row_type=\u00bbin_container\u00bb iron_remove_padding_medium=\u00bb\u00bb iron_remove_padding_small=\u00bb\u00bb iron_overlay_pattern=\u00bb\u00bb iron_parallax=\u00bb\u00bb iron_bg_video=\u00bb\u00bb][vc_column][vc_empty_space height=\u00bb24px\u00bb][vc_separator color=\u00bbblack\u00bb border_width=\u00bb2&#8243; el_width=\u00bb90&#8243;][\/vc_column][\/vc_row][vc_row iron_row_type=\u00bbin_container\u00bb iron_remove_padding_medium=\u00bb\u00bb iron_remove_padding_small=\u00bb\u00bb iron_overlay_pattern=\u00bb\u00bb iron_parallax=\u00bb\u00bb iron_bg_video=\u00bb\u00bb][vc_column][vc_custom_heading text=\u00bbALBUM NOTES\u00bb font_container=\u00bbtag:h3|text_align:center\u00bb use_theme_fonts=\u00bbyes\u00bb fit_bg_text=\u00bb0&#8243;][vc_column_text]Esta es una de mis canciones favoritas de navidad. Aqu\u00ed grabada con guitarra ac\u00fastica, el\u00e9ctrica, bajo y mandolina. Gracias y espero que [&hellip;]","og_url":"https:\/\/federicomirandacr.com\/the-first-noel\/","og_site_name":"Federico Miranda","article_modified_time":"2016-10-13T17:43:39+00:00","twitter_card":"summary_large_image","twitter_misc":{"Tiempo de lectura":"2 minutos"},"schema":{"@context":"https:\/\/schema.org","@graph":[{"@type":"WebPage","@id":"https:\/\/federicomirandacr.com\/the-first-noel\/","url":"https:\/\/federicomirandacr.com\/the-first-noel\/","name":"The First Noel - Federico Miranda","isPartOf":{"@id":"https:\/\/federicomirandacr.com\/es\/#website"},"datePublished":"2016-10-13T00:04:16+00:00","dateModified":"2016-10-13T17:43:39+00:00","breadcrumb":{"@id":"https:\/\/federicomirandacr.com\/the-first-noel\/#breadcrumb"},"inLanguage":"es","potentialAction":[{"@type":"ReadAction","target":["https:\/\/federicomirandacr.com\/the-first-noel\/"]}]},{"@type":"BreadcrumbList","@id":"https:\/\/federicomirandacr.com\/the-first-noel\/#breadcrumb","itemListElement":[{"@type":"ListItem","position":1,"name":"Home","item":"https:\/\/federicomirandacr.com\/"},{"@type":"ListItem","position":2,"name":"The First Noel"}]},{"@type":"WebSite","@id":"https:\/\/federicomirandacr.com\/es\/#website","url":"https:\/\/federicomirandacr.com\/es\/","name":"Federico Miranda","description":"","potentialAction":[{"@type":"SearchAction","target":{"@type":"EntryPoint","urlTemplate":"https:\/\/federicomirandacr.com\/es\/?s={search_term_string}"},"query-input":"required name=search_term_string"}],"inLanguage":"es"}]}},"_links":{"self":[{"href":"https:\/\/federicomirandacr.com\/es\/wp-json\/wp\/v2\/pages\/2372"}],"collection":[{"href":"https:\/\/federicomirandacr.com\/es\/wp-json\/wp\/v2\/pages"}],"about":[{"href":"https:\/\/federicomirandacr.com\/es\/wp-json\/wp\/v2\/types\/page"}],"author":[{"embeddable":true,"href":"https:\/\/federicomirandacr.com\/es\/wp-json\/wp\/v2\/users\/2"}],"replies":[{"embeddable":true,"href":"https:\/\/federicomirandacr.com\/es\/wp-json\/wp\/v2\/comments?post=2372"}],"version-history":[{"count":3,"href":"https:\/\/federicomirandacr.com\/es\/wp-json\/wp\/v2\/pages\/2372\/revisions"}],"predecessor-version":[{"id":2376,"href":"https:\/\/federicomirandacr.com\/es\/wp-json\/wp\/v2\/pages\/2372\/revisions\/2376"}],"wp:attachment":[{"href":"https:\/\/federicomirandacr.com\/es\/wp-json\/wp\/v2\/media?parent=2372"}],"curies":[{"name":"wp","href":"https:\/\/api.w.org\/{rel}","templated":true}]}}