{"id":2389,"date":"2016-10-13T17:11:01","date_gmt":"2016-10-13T17:11:01","guid":{"rendered":"https:\/\/federicomirandacr.com\/?page_id=2389"},"modified":"2020-08-29T23:58:50","modified_gmt":"2020-08-29T23:58:50","slug":"baula-project-live-la-isla-de-los-tiburones","status":"publish","type":"page","link":"https:\/\/federicomirandacr.com\/es\/baula-project-live-la-isla-de-los-tiburones\/","title":{"rendered":"Baula Project Live + La Isla de los Tiburones"},"content":{"rendered":"<p>[vc_row iron_row_type=\u00bbin_container\u00bb iron_remove_padding_medium=\u00bb\u00bb iron_remove_padding_small=\u00bb\u00bb iron_overlay_pattern=\u00bb\u00bb iron_parallax=\u00bb\u00bb iron_bg_video=\u00bb\u00bb][vc_column width=\u00bb1\/2&#8243;][vc_single_image image=\u00bb2390&#8243; img_size=\u00bb500&#215;500&#8243; alignment=\u00bbcenter\u00bb onclick=\u00bblink_image\u00bb img_fullwidth=\u00bb0&#8243;][\/vc_column][vc_column width=\u00bb1\/2&#8243; css=\u00bb.vc_custom_1476299577058{padding-right: 40px !important;padding-left: 40px !important;}\u00bb][vc_column_text]<iframe loading=\"lazy\" src=\"https:\/\/embed.spotify.com\/?uri=spotify:album:3KuHGBM0ulP8QzBSA2NGsV&amp;theme=white\" width=\"300\" height=\"380\" frameborder=\"0\"><\/iframe>[\/vc_column_text][vc_row_inner iron_bg_video=\u00bb\u00bb][vc_column_inner][vc_column_text]<\/p>\n<h2>Buy From<\/h2>\n<p>[\/vc_column_text][vc_empty_space][\/vc_column_inner][\/vc_row_inner][vc_row_inner iron_bg_video=\u00bb\u00bb][vc_column_inner width=\u00bb1\/6&#8243;][bsf-info-box icon=\u00bbDefaults-apple\u00bb icon_size=\u00bb32&#8243; icon_style=\u00bbcircle\u00bb icon_color_bg=\u00bb#ededed\u00bb read_more=\u00bbbox\u00bb link=\u00bburl:https%3A%2F%2Fitunes.apple.com%2Fus%2Falbum%2Fbaula-project-live-%2B-la-isla%2Fid997242733||target:%20_blank|\u00bb hover_effect=\u00bbstyle_3&#8243; pos=\u00bbtop\u00bb][\/bsf-info-box][\/vc_column_inner][vc_column_inner width=\u00bb1\/6&#8243;][\/vc_column_inner][vc_column_inner width=\u00bb1\/6&#8243;][\/vc_column_inner][vc_column_inner width=\u00bb1\/6&#8243;][\/vc_column_inner][vc_column_inner width=\u00bb1\/6&#8243;][\/vc_column_inner][vc_column_inner width=\u00bb1\/6&#8243;][\/vc_column_inner][\/vc_row_inner][\/vc_column][\/vc_row][vc_row iron_row_type=\u00bbin_container\u00bb iron_remove_padding_medium=\u00bb\u00bb iron_remove_padding_small=\u00bb\u00bb iron_overlay_pattern=\u00bb\u00bb iron_parallax=\u00bb\u00bb iron_bg_video=\u00bb\u00bb][vc_column][vc_empty_space height=\u00bb24px\u00bb][vc_separator color=\u00bbblack\u00bb border_width=\u00bb2&#8243; el_width=\u00bb90&#8243;][\/vc_column][\/vc_row][vc_row iron_row_type=\u00bbin_container\u00bb iron_remove_padding_medium=\u00bb\u00bb iron_remove_padding_small=\u00bb\u00bb iron_overlay_pattern=\u00bb\u00bb iron_parallax=\u00bb\u00bb iron_bg_video=\u00bb\u00bb][vc_column][vc_custom_heading text=\u00bbALBUM NOTES\u00bb font_container=\u00bbtag:h3|text_align:center\u00bb use_theme_fonts=\u00bbyes\u00bb fit_bg_text=\u00bb0&#8243;][vc_column_text]Disco grabado en concierto en el Teatro Variedades con el grupo de Jazz-Fusi\u00f3n conformado por Federico Miranda, Walter Flores, \u00abTapado\u00bb Vargas, Gilberto Jarqu\u00edn y Mario Alvarez: \u00abBaula Project Live\u00bb captura la improvisaci\u00f3n y energ\u00eda que solo un concierto permite. Cada m\u00fasico tiene su momento en los 45 minutos de m\u00fasica y hay espacio para que cada instrumento destaque con solos, ritmos y l\u00edneas mel\u00f3dicas. Resaltan los temas \u00abEn Aranjuez con tu amor\u00bb del compositor espa\u00f1ol Joaqu\u00edn Rodrigo y \u00abEn Tr\u00e1nsito\u00bb de Walter Flores.<br \/>\nEl album lo completan 2 temas in\u00e9ditos:<\/p>\n<p>\u00abLa isla de los tiburones\u00bb : grabada en estudio con la colaboraci\u00f3n de Abel Guier (Gandhi), Alejandro Fern\u00e1ndez en bater\u00eda y el dominicano Arturo Pi\u00f1a como productor e ingeniero (se conocieron en Berklee en el curso de verano del &#8217;93). \u00abTapado\u00bb vuelve a participar en la percusi\u00f3n.<\/p>\n<p>\u00abTarde de domingo\u00bb : grabaci\u00f3n original de 1992 hecha solamente con guitarras el\u00e9ctricas y un teclado de juguete directo a una grabadora de cassette, reci\u00e9n masterizada en digital para este \u00e1lbum.<br \/>\ncredits<br \/>\nreleased December 21, 2011<\/p>\n<p>Tracks 1-6<\/p>\n<p>Grabado en concierto en el Teatro Variedades, San Jos\u00e9, Costa Rica por Oscar Mar\u00edn. Mezclado por Alberto Ortiz.<\/p>\n<p>Federico Miranda- guitarra el\u00e9ctrica<br \/>\nWalter Flores- piano y flauta<br \/>\nMario Alvarez- bajo<br \/>\nGilberto Jarqu\u00edn- bater\u00eda<br \/>\nTapado- percusi\u00f3n<br \/>\nTrack 7<\/p>\n<p>Grabada en estudios Baula por Federico Miranda y Arturo Pi\u00f1a. Grabaci\u00f3n adicional por Ale Fern\u00e1ndez (Sweet Home Studios) y Walter Flores (Estudios FM) Mezclada por F.Miranda.<\/p>\n<p>Federico Miranda- guitarra el\u00e9ctrica<br \/>\nAbel Guier- bajo<br \/>\nAle Fern\u00e1ndez- bater\u00eda<br \/>\nTapado- percusi\u00f3n<br \/>\nArturo Pi\u00f1a- loops y programaciones<\/p>\n<p>Track 8<\/p>\n<p>Grabado en 4-track de cassette (Fostex) en el \u00e1tico, 1992.<\/p>\n<p>Federico Miranda: Guitarras el\u00e9ctricas y organeta.<br \/>\nMasterizado por John Cuniberti.[\/vc_column_text][\/vc_column][\/vc_row]<\/p>\n","protected":false},"excerpt":{"rendered":"<p>[vc_row iron_row_type=\u00bbin_container\u00bb iron_remove_padding_medium=\u00bb\u00bb iron_remove_padding_small=\u00bb\u00bb iron_overlay_pattern=\u00bb\u00bb iron_parallax=\u00bb\u00bb iron_bg_video=\u00bb\u00bb][vc_column width=\u00bb1\/2&#8243;][vc_single_image image=\u00bb2390&#8243; img_size=\u00bb500&#215;500&#8243; alignment=\u00bbcenter\u00bb onclick=\u00bblink_image\u00bb img_fullwidth=\u00bb0&#8243;][\/vc_column][vc_column width=\u00bb1\/2&#8243; css=\u00bb.vc_custom_1476299577058{padding-right: 40px !important;padding-left: 40px !important;}\u00bb][vc_column_text][\/vc_column_text][vc_row_inner iron_bg_video=\u00bb\u00bb][vc_column_inner][vc_column_text] Buy From [\/vc_column_text][vc_empty_space][\/vc_column_inner][\/vc_row_inner][vc_row_inner iron_bg_video=\u00bb\u00bb][vc_column_inner width=\u00bb1\/6&#8243;][bsf-info-box icon=\u00bbDefaults-apple\u00bb icon_size=\u00bb32&#8243; icon_style=\u00bbcircle\u00bb icon_color_bg=\u00bb#ededed\u00bb read_more=\u00bbbox\u00bb link=\u00bburl:https%3A%2F%2Fitunes.apple.com%2Fus%2Falbum%2Fbaula-project-live-%2B-la-isla%2Fid997242733||target:%20_blank|\u00bb hover_effect=\u00bbstyle_3&#8243; pos=\u00bbtop\u00bb][\/bsf-info-box][\/vc_column_inner][vc_column_inner width=\u00bb1\/6&#8243;][\/vc_column_inner][vc_column_inner width=\u00bb1\/6&#8243;][\/vc_column_inner][vc_column_inner width=\u00bb1\/6&#8243;][\/vc_column_inner][vc_column_inner width=\u00bb1\/6&#8243;][\/vc_column_inner][vc_column_inner width=\u00bb1\/6&#8243;][\/vc_column_inner][\/vc_row_inner][\/vc_column][\/vc_row][vc_row iron_row_type=\u00bbin_container\u00bb iron_remove_padding_medium=\u00bb\u00bb iron_remove_padding_small=\u00bb\u00bb iron_overlay_pattern=\u00bb\u00bb iron_parallax=\u00bb\u00bb iron_bg_video=\u00bb\u00bb][vc_column][vc_empty_space height=\u00bb24px\u00bb][vc_separator color=\u00bbblack\u00bb border_width=\u00bb2&#8243; el_width=\u00bb90&#8243;][\/vc_column][\/vc_row][vc_row iron_row_type=\u00bbin_container\u00bb iron_remove_padding_medium=\u00bb\u00bb iron_remove_padding_small=\u00bb\u00bb iron_overlay_pattern=\u00bb\u00bb iron_parallax=\u00bb\u00bb iron_bg_video=\u00bb\u00bb][vc_column][vc_custom_heading text=\u00bbALBUM NOTES\u00bb font_container=\u00bbtag:h3|text_align:center\u00bb use_theme_fonts=\u00bbyes\u00bb fit_bg_text=\u00bb0&#8243;][vc_column_text]Disco grabado en concierto en el Teatro Variedades con el grupo de Jazz-Fusi\u00f3n conformado por Federico Miranda, Walter Flores, \u00abTapado\u00bb Vargas, Gilberto [&hellip;]<\/p>\n","protected":false},"author":2,"featured_media":0,"parent":0,"menu_order":0,"comment_status":"closed","ping_status":"closed","template":"","meta":{"_acf_changed":false,"footnotes":""},"acf":[],"yoast_head":"<!-- This site is optimized with the Yoast SEO plugin v23.0 - https:\/\/yoast.com\/wordpress\/plugins\/seo\/ -->\n<title>Baula Project Live + La Isla de los Tiburones - Federico Miranda<\/title>\n<meta name=\"robots\" content=\"index, follow, max-snippet:-1, max-image-preview:large, max-video-preview:-1\" \/>\n<link rel=\"canonical\" href=\"https:\/\/federicomirandacr.com\/baula-project-live-la-isla-de-los-tiburones\/\" \/>\n<meta property=\"og:locale\" content=\"es_ES\" \/>\n<meta property=\"og:type\" content=\"article\" \/>\n<meta property=\"og:title\" content=\"Baula Project Live + La Isla de los Tiburones - Federico Miranda\" \/>\n<meta property=\"og:description\" content=\"[vc_row iron_row_type=\u00bbin_container\u00bb iron_remove_padding_medium=\u00bb\u00bb iron_remove_padding_small=\u00bb\u00bb iron_overlay_pattern=\u00bb\u00bb iron_parallax=\u00bb\u00bb iron_bg_video=\u00bb\u00bb][vc_column width=\u00bb1\/2&#8243;][vc_single_image image=\u00bb2390&#8243; img_size=\u00bb500&#215;500&#8243; alignment=\u00bbcenter\u00bb onclick=\u00bblink_image\u00bb img_fullwidth=\u00bb0&#8243;][\/vc_column][vc_column width=\u00bb1\/2&#8243; css=\u00bb.vc_custom_1476299577058{padding-right: 40px !important;padding-left: 40px !important;}\u00bb][vc_column_text][\/vc_column_text][vc_row_inner iron_bg_video=\u00bb\u00bb][vc_column_inner][vc_column_text] Buy From [\/vc_column_text][vc_empty_space][\/vc_column_inner][\/vc_row_inner][vc_row_inner iron_bg_video=\u00bb\u00bb][vc_column_inner width=\u00bb1\/6&#8243;][bsf-info-box icon=\u00bbDefaults-apple\u00bb icon_size=\u00bb32&#8243; icon_style=\u00bbcircle\u00bb icon_color_bg=\u00bb#ededed\u00bb read_more=\u00bbbox\u00bb link=\u00bburl:https%3A%2F%2Fitunes.apple.com%2Fus%2Falbum%2Fbaula-project-live-%2B-la-isla%2Fid997242733||target:%20_blank|\u00bb hover_effect=\u00bbstyle_3&#8243; pos=\u00bbtop\u00bb][\/bsf-info-box][\/vc_column_inner][vc_column_inner width=\u00bb1\/6&#8243;][\/vc_column_inner][vc_column_inner width=\u00bb1\/6&#8243;][\/vc_column_inner][vc_column_inner width=\u00bb1\/6&#8243;][\/vc_column_inner][vc_column_inner width=\u00bb1\/6&#8243;][\/vc_column_inner][vc_column_inner width=\u00bb1\/6&#8243;][\/vc_column_inner][\/vc_row_inner][\/vc_column][\/vc_row][vc_row iron_row_type=\u00bbin_container\u00bb iron_remove_padding_medium=\u00bb\u00bb iron_remove_padding_small=\u00bb\u00bb iron_overlay_pattern=\u00bb\u00bb iron_parallax=\u00bb\u00bb iron_bg_video=\u00bb\u00bb][vc_column][vc_empty_space height=\u00bb24px\u00bb][vc_separator color=\u00bbblack\u00bb border_width=\u00bb2&#8243; el_width=\u00bb90&#8243;][\/vc_column][\/vc_row][vc_row iron_row_type=\u00bbin_container\u00bb iron_remove_padding_medium=\u00bb\u00bb iron_remove_padding_small=\u00bb\u00bb iron_overlay_pattern=\u00bb\u00bb iron_parallax=\u00bb\u00bb iron_bg_video=\u00bb\u00bb][vc_column][vc_custom_heading text=\u00bbALBUM NOTES\u00bb font_container=\u00bbtag:h3|text_align:center\u00bb use_theme_fonts=\u00bbyes\u00bb fit_bg_text=\u00bb0&#8243;][vc_column_text]Disco grabado en concierto en el Teatro Variedades con el grupo de Jazz-Fusi\u00f3n conformado por Federico Miranda, Walter Flores, \u00abTapado\u00bb Vargas, Gilberto [&hellip;]\" \/>\n<meta property=\"og:url\" content=\"https:\/\/federicomirandacr.com\/baula-project-live-la-isla-de-los-tiburones\/\" \/>\n<meta property=\"og:site_name\" content=\"Federico Miranda\" \/>\n<meta property=\"article:modified_time\" content=\"2020-08-29T23:58:50+00:00\" \/>\n<meta name=\"twitter:card\" content=\"summary_large_image\" \/>\n<meta name=\"twitter:label1\" content=\"Tiempo de lectura\" \/>\n\t<meta name=\"twitter:data1\" content=\"3 minutos\" \/>\n<script type=\"application\/ld+json\" class=\"yoast-schema-graph\">{\"@context\":\"https:\/\/schema.org\",\"@graph\":[{\"@type\":\"WebPage\",\"@id\":\"https:\/\/federicomirandacr.com\/baula-project-live-la-isla-de-los-tiburones\/\",\"url\":\"https:\/\/federicomirandacr.com\/baula-project-live-la-isla-de-los-tiburones\/\",\"name\":\"Baula Project Live + La Isla de los Tiburones - Federico Miranda\",\"isPartOf\":{\"@id\":\"https:\/\/federicomirandacr.com\/es\/#website\"},\"datePublished\":\"2016-10-13T17:11:01+00:00\",\"dateModified\":\"2020-08-29T23:58:50+00:00\",\"breadcrumb\":{\"@id\":\"https:\/\/federicomirandacr.com\/baula-project-live-la-isla-de-los-tiburones\/#breadcrumb\"},\"inLanguage\":\"es\",\"potentialAction\":[{\"@type\":\"ReadAction\",\"target\":[\"https:\/\/federicomirandacr.com\/baula-project-live-la-isla-de-los-tiburones\/\"]}]},{\"@type\":\"BreadcrumbList\",\"@id\":\"https:\/\/federicomirandacr.com\/baula-project-live-la-isla-de-los-tiburones\/#breadcrumb\",\"itemListElement\":[{\"@type\":\"ListItem\",\"position\":1,\"name\":\"Home\",\"item\":\"https:\/\/federicomirandacr.com\/\"},{\"@type\":\"ListItem\",\"position\":2,\"name\":\"Baula Project Live + La Isla de los Tiburones\"}]},{\"@type\":\"WebSite\",\"@id\":\"https:\/\/federicomirandacr.com\/es\/#website\",\"url\":\"https:\/\/federicomirandacr.com\/es\/\",\"name\":\"Federico Miranda\",\"description\":\"\",\"potentialAction\":[{\"@type\":\"SearchAction\",\"target\":{\"@type\":\"EntryPoint\",\"urlTemplate\":\"https:\/\/federicomirandacr.com\/es\/?s={search_term_string}\"},\"query-input\":\"required name=search_term_string\"}],\"inLanguage\":\"es\"}]}<\/script>\n<!-- \/ Yoast SEO plugin. -->","yoast_head_json":{"title":"Baula Project Live + La Isla de los Tiburones - Federico Miranda","robots":{"index":"index","follow":"follow","max-snippet":"max-snippet:-1","max-image-preview":"max-image-preview:large","max-video-preview":"max-video-preview:-1"},"canonical":"https:\/\/federicomirandacr.com\/baula-project-live-la-isla-de-los-tiburones\/","og_locale":"es_ES","og_type":"article","og_title":"Baula Project Live + La Isla de los Tiburones - Federico Miranda","og_description":"[vc_row iron_row_type=\u00bbin_container\u00bb iron_remove_padding_medium=\u00bb\u00bb iron_remove_padding_small=\u00bb\u00bb iron_overlay_pattern=\u00bb\u00bb iron_parallax=\u00bb\u00bb iron_bg_video=\u00bb\u00bb][vc_column width=\u00bb1\/2&#8243;][vc_single_image image=\u00bb2390&#8243; img_size=\u00bb500&#215;500&#8243; alignment=\u00bbcenter\u00bb onclick=\u00bblink_image\u00bb img_fullwidth=\u00bb0&#8243;][\/vc_column][vc_column width=\u00bb1\/2&#8243; css=\u00bb.vc_custom_1476299577058{padding-right: 40px !important;padding-left: 40px !important;}\u00bb][vc_column_text][\/vc_column_text][vc_row_inner iron_bg_video=\u00bb\u00bb][vc_column_inner][vc_column_text] Buy From [\/vc_column_text][vc_empty_space][\/vc_column_inner][\/vc_row_inner][vc_row_inner iron_bg_video=\u00bb\u00bb][vc_column_inner width=\u00bb1\/6&#8243;][bsf-info-box icon=\u00bbDefaults-apple\u00bb icon_size=\u00bb32&#8243; icon_style=\u00bbcircle\u00bb icon_color_bg=\u00bb#ededed\u00bb read_more=\u00bbbox\u00bb link=\u00bburl:https%3A%2F%2Fitunes.apple.com%2Fus%2Falbum%2Fbaula-project-live-%2B-la-isla%2Fid997242733||target:%20_blank|\u00bb hover_effect=\u00bbstyle_3&#8243; pos=\u00bbtop\u00bb][\/bsf-info-box][\/vc_column_inner][vc_column_inner width=\u00bb1\/6&#8243;][\/vc_column_inner][vc_column_inner width=\u00bb1\/6&#8243;][\/vc_column_inner][vc_column_inner width=\u00bb1\/6&#8243;][\/vc_column_inner][vc_column_inner width=\u00bb1\/6&#8243;][\/vc_column_inner][vc_column_inner width=\u00bb1\/6&#8243;][\/vc_column_inner][\/vc_row_inner][\/vc_column][\/vc_row][vc_row iron_row_type=\u00bbin_container\u00bb iron_remove_padding_medium=\u00bb\u00bb iron_remove_padding_small=\u00bb\u00bb iron_overlay_pattern=\u00bb\u00bb iron_parallax=\u00bb\u00bb iron_bg_video=\u00bb\u00bb][vc_column][vc_empty_space height=\u00bb24px\u00bb][vc_separator color=\u00bbblack\u00bb border_width=\u00bb2&#8243; el_width=\u00bb90&#8243;][\/vc_column][\/vc_row][vc_row iron_row_type=\u00bbin_container\u00bb iron_remove_padding_medium=\u00bb\u00bb iron_remove_padding_small=\u00bb\u00bb iron_overlay_pattern=\u00bb\u00bb iron_parallax=\u00bb\u00bb iron_bg_video=\u00bb\u00bb][vc_column][vc_custom_heading text=\u00bbALBUM NOTES\u00bb font_container=\u00bbtag:h3|text_align:center\u00bb use_theme_fonts=\u00bbyes\u00bb fit_bg_text=\u00bb0&#8243;][vc_column_text]Disco grabado en concierto en el Teatro Variedades con el grupo de Jazz-Fusi\u00f3n conformado por Federico Miranda, Walter Flores, \u00abTapado\u00bb Vargas, Gilberto [&hellip;]","og_url":"https:\/\/federicomirandacr.com\/baula-project-live-la-isla-de-los-tiburones\/","og_site_name":"Federico Miranda","article_modified_time":"2020-08-29T23:58:50+00:00","twitter_card":"summary_large_image","twitter_misc":{"Tiempo de lectura":"3 minutos"},"schema":{"@context":"https:\/\/schema.org","@graph":[{"@type":"WebPage","@id":"https:\/\/federicomirandacr.com\/baula-project-live-la-isla-de-los-tiburones\/","url":"https:\/\/federicomirandacr.com\/baula-project-live-la-isla-de-los-tiburones\/","name":"Baula Project Live + La Isla de los Tiburones - Federico Miranda","isPartOf":{"@id":"https:\/\/federicomirandacr.com\/es\/#website"},"datePublished":"2016-10-13T17:11:01+00:00","dateModified":"2020-08-29T23:58:50+00:00","breadcrumb":{"@id":"https:\/\/federicomirandacr.com\/baula-project-live-la-isla-de-los-tiburones\/#breadcrumb"},"inLanguage":"es","potentialAction":[{"@type":"ReadAction","target":["https:\/\/federicomirandacr.com\/baula-project-live-la-isla-de-los-tiburones\/"]}]},{"@type":"BreadcrumbList","@id":"https:\/\/federicomirandacr.com\/baula-project-live-la-isla-de-los-tiburones\/#breadcrumb","itemListElement":[{"@type":"ListItem","position":1,"name":"Home","item":"https:\/\/federicomirandacr.com\/"},{"@type":"ListItem","position":2,"name":"Baula Project Live + La Isla de los Tiburones"}]},{"@type":"WebSite","@id":"https:\/\/federicomirandacr.com\/es\/#website","url":"https:\/\/federicomirandacr.com\/es\/","name":"Federico Miranda","description":"","potentialAction":[{"@type":"SearchAction","target":{"@type":"EntryPoint","urlTemplate":"https:\/\/federicomirandacr.com\/es\/?s={search_term_string}"},"query-input":"required name=search_term_string"}],"inLanguage":"es"}]}},"_links":{"self":[{"href":"https:\/\/federicomirandacr.com\/es\/wp-json\/wp\/v2\/pages\/2389"}],"collection":[{"href":"https:\/\/federicomirandacr.com\/es\/wp-json\/wp\/v2\/pages"}],"about":[{"href":"https:\/\/federicomirandacr.com\/es\/wp-json\/wp\/v2\/types\/page"}],"author":[{"embeddable":true,"href":"https:\/\/federicomirandacr.com\/es\/wp-json\/wp\/v2\/users\/2"}],"replies":[{"embeddable":true,"href":"https:\/\/federicomirandacr.com\/es\/wp-json\/wp\/v2\/comments?post=2389"}],"version-history":[{"count":3,"href":"https:\/\/federicomirandacr.com\/es\/wp-json\/wp\/v2\/pages\/2389\/revisions"}],"predecessor-version":[{"id":2603,"href":"https:\/\/federicomirandacr.com\/es\/wp-json\/wp\/v2\/pages\/2389\/revisions\/2603"}],"wp:attachment":[{"href":"https:\/\/federicomirandacr.com\/es\/wp-json\/wp\/v2\/media?parent=2389"}],"curies":[{"name":"wp","href":"https:\/\/api.w.org\/{rel}","templated":true}]}}