{"id":85,"date":"2016-05-22T21:02:56","date_gmt":"2016-05-22T21:02:56","guid":{"rendered":"https:\/\/federicomirandacr.com\/?page_id=85"},"modified":"2023-08-25T16:02:05","modified_gmt":"2023-08-25T16:02:05","slug":"about-me","status":"publish","type":"page","link":"https:\/\/federicomirandacr.com\/es\/about-me\/","title":{"rendered":"Biography"},"content":{"rendered":"<p>[vc_row iron_row_type=\u00bbfull_width\u00bb iron_remove_padding_medium=\u00bb\u00bb iron_remove_padding_small=\u00bb\u00bb iron_overlay_pattern=\u00bb\u00bb iron_parallax=\u00bb\u00bb iron_bg_video=\u00bb\u00bb css=\u00bb.vc_custom_1476377990906{padding-top: 40vh !important;padding-bottom: 40vh !important;background-image: url(https:\/\/federicomirandacr.com\/wp-content\/uploads\/2016\/05\/Gandhi0184.jpg?id=2387) !important;background-position: center !important;background-repeat: no-repeat !important;background-size: cover !important;}\u00bb][vc_column][vc_custom_heading source=\u00bbpost_title\u00bb font_container=\u00bbtag:h1|font_size:87px|text_align:center|color:%23ffffff|line_height:87px\u00bb use_theme_fonts=\u00bbyes\u00bb fit_bg_text=\u00bb0&#8243; el_class=\u00bbfittext\u00bb][\/vc_column][\/vc_row][vc_row iron_row_type=\u00bbin_container\u00bb iron_remove_padding_medium=\u00bb\u00bb iron_remove_padding_small=\u00bbmobilenopadding\u00bb iron_overlay_pattern=\u00bb\u00bb iron_parallax=\u00bb\u00bb iron_bg_video=\u00bb\u00bb css=\u00bb.vc_custom_1470257463474{padding-top: 75px !important;padding-bottom: 75px !important;}\u00bb][vc_column css=\u00bb.vc_custom_1466002028564{padding-right: 15% !important;padding-left: 15% !important;}\u00bb][vc_column_text]<\/p>\n<h3 style=\"text-align: center;\">Bio<\/h3>\n<p>[\/vc_column_text][vc_separator color=\u00bbcustom\u00bb border_width=\u00bb2&#8243; accent_color=\u00bb#d7af00&#8243; css=\u00bb.vc_custom_1470989799857{padding-top: 40px !important;padding-bottom: 40px !important;}\u00bb][vc_column_text css=\u00bb.vc_custom_1480678153671{padding-right: 10px !important;padding-left: 10px !important;}\u00bb]Federico Miranda es un guitarrista costarricense que aprendi\u00f3 a tocar guitarra de forma autodidacta a los 12 a\u00f1os. Su inspiraci\u00f3n de infancia fue la m\u00fasica rock de los 80\u2019s como Eddie Van Halen y Joe Satriani.<\/p>\n<p>Federico naci\u00f3 el 20 de enero de 1976 en San Jos\u00e9 y su pasi\u00f3n por la m\u00fasica lo ha llevado a viajar por el mundo como solista o como parte de su banda Gandhi. Acad\u00e9micamente, Federico ha estudiado teor\u00eda musical, piano y jazz. Adem\u00e1s, asisti\u00f3 al Berklee College of Music, donde tambi\u00e9n realiz\u00f3 estudios en m\u00fasica flamenca, celta y latina. Adicionalmente, Federico es Ingeniero El\u00e9ctrico y es especialista en procesamiento digital de se\u00f1ales (DSP). Tiene una maestr\u00eda en Creatividad de la Universidad de Berl\u00edn y es miembro de la Asociaci\u00f3n de Ingenieros de Audio (AES) y de la Academia Nacional de Artes y Ciencias de la Grabaci\u00f3n (NARAS).<\/p>\n<p>A los 15 a\u00f1os, Federico y 3 amigos de colegio fundaron la banda Gandhi; adem\u00e1s, ha participado tambi\u00e9n en grabaciones y conciertos con destacados artistas costarricenses como Mar\u00eda Pretiz, Jorge Castro, y Bernardo Quesada; Adem\u00e1s de participar dos veces en el Festival Internacional de Guitarra junto con Luis Salinas (Argentina), Jorge Chicoy (Cuba) y Cris Lobo (M\u00e9xico). En el 2005, Federico lanz\u00f3 su primer emprendimiento como solista llamado Baula Project.<\/p>\n<p>Este proyecto comprende no solo un disco musical, si no que es toda una plataforma de coraz\u00f3n conservacionista que intenta ayudar a la protecci\u00f3n de las tortugas que llegan a desovar a playas costarricenses. Actualmente Federico combina su carrera art\u00edstica con producciones musicales para comerciales, documentales, cortos y pel\u00edculas y est\u00e1 pronto a lanzar un EP inspirado en la vida marina de su pa\u00eds.[\/vc_column_text][vc_separator color=\u00bbcustom\u00bb border_width=\u00bb2&#8243; accent_color=\u00bb#d7af00&#8243; css=\u00bb.vc_custom_1470989793747{padding-top: 40px !important;padding-bottom: 40px !important;}\u00bb][\/vc_column][\/vc_row][vc_row iron_row_type=\u00bbin_container\u00bb iron_remove_padding_medium=\u00bb\u00bb iron_remove_padding_small=\u00bb\u00bb iron_overlay_pattern=\u00bb\u00bb iron_parallax=\u00bb\u00bb iron_bg_video=\u00bb\u00bb][vc_column][vc_single_image image=\u00bb425&#8243; img_size=\u00bbfull\u00bb alignment=\u00bbright\u00bb img_fullwidth=\u00bb0&#8243; css=\u00bb.vc_custom_1464203063441{margin-top: -263px !important;margin-right: -12px !important;}\u00bb][\/vc_column][\/vc_row][vc_row equal_height=\u00bbyes\u00bb iron_row_type=\u00bbfull_width\u00bb iron_remove_padding_medium=\u00bb\u00bb iron_remove_padding_small=\u00bb\u00bb iron_overlay_pattern=\u00bb\u00bb iron_parallax=\u00bb\u00bb iron_bg_video=\u00bb\u00bb][vc_column width=\u00bb1\/2&#8243; css=\u00bb.vc_custom_1470988946262{background-image: url(https:\/\/federicomirandacr.com\/wp-content\/uploads\/2016\/05\/10527683_905311102828599_7930634663952324566_n.jpg?id=863) !important;background-position: center !important;background-repeat: no-repeat !important;background-size: cover !important;}\u00bb][\/vc_column][vc_column width=\u00bb1\/2&#8243; css=\u00bb.vc_custom_1470988985063{padding-top: 4vw !important;padding-bottom: 4vw !important;background-color: #000000 !important;background-position: center !important;background-repeat: no-repeat !important;background-size: cover !important;}\u00bb][vc_custom_heading text=\u00bbDOWNLOAD NOW\u00bb font_container=\u00bbtag:div|font_size:18px|text_align:center|color:%23ffffff|line_height:18px\u00bb google_fonts=\u00bbfont_family:Josefin%20Sans%3A100%2C100italic%2C300%2C300italic%2Cregular%2Citalic%2C600%2C600italic%2C700%2C700italic|font_style:700%20bold%20regular%3A700%3Anormal\u00bb fit_bg_text=\u00bb0&#8243; css=\u00bb.vc_custom_1466004357649{padding-top: 30px !important;padding-bottom: 12px !important;}\u00bb][vc_custom_heading text=\u00bbPRESS PACK\u00bb font_container=\u00bbtag:div|font_size:32px|text_align:center|color:%23ffffff|line_height:32px\u00bb google_fonts=\u00bbfont_family:Josefin%20Sans%3A100%2C100italic%2C300%2C300italic%2Cregular%2Citalic%2C600%2C600italic%2C700%2C700italic|font_style:700%20bold%20regular%3A700%3Anormal\u00bb fit_bg_text=\u00bb0&#8243; css=\u00bb.vc_custom_1466004433808{padding-bottom: 35px !important;}\u00bb][vc_single_image image=\u00bb582&#8243; img_size=\u00bbfull\u00bb alignment=\u00bbcenter\u00bb img_fullwidth=\u00bb0&#8243;][vc_custom_heading text=\u00bbPHOTOS &#8211; BIO &#8211; MUSIC\u00bb font_container=\u00bbtag:div|font_size:18px|text_align:center|color:%23ffffff|line_height:18px\u00bb google_fonts=\u00bbfont_family:Josefin%20Sans%3A100%2C100italic%2C300%2C300italic%2Cregular%2Citalic%2C600%2C600italic%2C700%2C700italic|font_style:700%20bold%20regular%3A700%3Anormal\u00bb fit_bg_text=\u00bb0&#8243; css=\u00bb.vc_custom_1466004461291{padding-top: 70px !important;padding-bottom: 30px !important;}\u00bb][\/vc_column][\/vc_row][vc_row iron_row_type=\u00bbin_container\u00bb iron_remove_padding_medium=\u00bb\u00bb iron_remove_padding_small=\u00bb\u00bb iron_overlay_pattern=\u00bb\u00bb iron_parallax=\u00bb\u00bb iron_bg_video=\u00bb\u00bb css=\u00bb.vc_custom_1470260368027{padding-top: 75px !important;padding-bottom: 90px !important;}\u00bb][vc_column][vc_custom_heading text=\u00bbMEDIA\u00bb font_container=\u00bbtag:h3|font_size:46px|text_align:center|color:%23d7af00|line_height:46px\u00bb use_theme_fonts=\u00bbyes\u00bb fit_bg_text=\u00bb0&#8243; css=\u00bb.vc_custom_1470995308921{padding-bottom: 40px !important;}\u00bb][vc_video link=\u00bbhttps:\/\/www.youtube.com\/watch?v=XxzH7FCSs2U\u00bb el_width=\u00bb70&#8243; align=\u00bbcenter\u00bb][vc_separator color=\u00bbcustom\u00bb border_width=\u00bb2&#8243; accent_color=\u00bb#d7af00&#8243; css=\u00bb.vc_custom_1470995385406{padding-top: 120px !important;}\u00bb][\/vc_column][\/vc_row]<\/p>","protected":false},"excerpt":{"rendered":"<p>[vc_row iron_row_type=\u00bbfull_width\u00bb iron_remove_padding_medium=\u00bb\u00bb iron_remove_padding_small=\u00bb\u00bb iron_overlay_pattern=\u00bb\u00bb iron_parallax=\u00bb\u00bb iron_bg_video=\u00bb\u00bb css=\u00bb.vc_custom_1476377990906{padding-top: 40vh !important;padding-bottom: 40vh !important;background-image: url(https:\/\/federicomirandacr.com\/wp-content\/uploads\/2016\/05\/Gandhi0184.jpg?id=2387) !important;background-position: center !important;background-repeat: no-repeat !important;background-size: cover !important;}\u00bb][vc_column][vc_custom_heading source=\u00bbpost_title\u00bb font_container=\u00bbtag:h1|font_size:87px|text_align:center|color:%23ffffff|line_height:87px\u00bb use_theme_fonts=\u00bbyes\u00bb fit_bg_text=\u00bb0&#8243; el_class=\u00bbfittext\u00bb][\/vc_column][\/vc_row][vc_row iron_row_type=\u00bbin_container\u00bb iron_remove_padding_medium=\u00bb\u00bb iron_remove_padding_small=\u00bbmobilenopadding\u00bb iron_overlay_pattern=\u00bb\u00bb iron_parallax=\u00bb\u00bb iron_bg_video=\u00bb\u00bb css=\u00bb.vc_custom_1470257463474{padding-top: 75px !important;padding-bottom: 75px !important;}\u00bb][vc_column css=\u00bb.vc_custom_1466002028564{padding-right: 15% !important;padding-left: 15% !important;}\u00bb][vc_column_text] Bio [\/vc_column_text][vc_separator color=\u00bbcustom\u00bb border_width=\u00bb2&#8243; accent_color=\u00bb#d7af00&#8243; css=\u00bb.vc_custom_1470989799857{padding-top: 40px !important;padding-bottom: 40px !important;}\u00bb][vc_column_text css=\u00bb.vc_custom_1480678153671{padding-right: 10px !important;padding-left: 10px !important;}\u00bb]Federico Miranda es un guitarrista costarricense que aprendi\u00f3 a tocar guitarra de forma autodidacta a los 12 a\u00f1os. Su inspiraci\u00f3n de infancia fue la m\u00fasica [&hellip;]<\/p>\n","protected":false},"author":2,"featured_media":0,"parent":0,"menu_order":0,"comment_status":"closed","ping_status":"closed","template":"","meta":{"_acf_changed":false,"footnotes":""},"acf":[],"yoast_head":"<!-- This site is optimized with the Yoast SEO plugin v23.0 - https:\/\/yoast.com\/wordpress\/plugins\/seo\/ -->\n<title>Biography - Federico Miranda<\/title>\n<meta name=\"robots\" content=\"index, follow, max-snippet:-1, max-image-preview:large, max-video-preview:-1\" \/>\n<link rel=\"canonical\" href=\"https:\/\/federicomirandacr.com\/about-me\/\" \/>\n<meta property=\"og:locale\" content=\"es_ES\" \/>\n<meta property=\"og:type\" content=\"article\" \/>\n<meta property=\"og:title\" content=\"Biography - Federico Miranda\" \/>\n<meta property=\"og:description\" content=\"[vc_row iron_row_type=\u00bbfull_width\u00bb iron_remove_padding_medium=\u00bb\u00bb iron_remove_padding_small=\u00bb\u00bb iron_overlay_pattern=\u00bb\u00bb iron_parallax=\u00bb\u00bb iron_bg_video=\u00bb\u00bb css=\u00bb.vc_custom_1476377990906{padding-top: 40vh !important;padding-bottom: 40vh !important;background-image: url(https:\/\/federicomirandacr.com\/wp-content\/uploads\/2016\/05\/Gandhi0184.jpg?id=2387) !important;background-position: center !important;background-repeat: no-repeat !important;background-size: cover !important;}\u00bb][vc_column][vc_custom_heading source=\u00bbpost_title\u00bb font_container=\u00bbtag:h1|font_size:87px|text_align:center|color:%23ffffff|line_height:87px\u00bb use_theme_fonts=\u00bbyes\u00bb fit_bg_text=\u00bb0&#8243; el_class=\u00bbfittext\u00bb][\/vc_column][\/vc_row][vc_row iron_row_type=\u00bbin_container\u00bb iron_remove_padding_medium=\u00bb\u00bb iron_remove_padding_small=\u00bbmobilenopadding\u00bb iron_overlay_pattern=\u00bb\u00bb iron_parallax=\u00bb\u00bb iron_bg_video=\u00bb\u00bb css=\u00bb.vc_custom_1470257463474{padding-top: 75px !important;padding-bottom: 75px !important;}\u00bb][vc_column css=\u00bb.vc_custom_1466002028564{padding-right: 15% !important;padding-left: 15% !important;}\u00bb][vc_column_text] Bio [\/vc_column_text][vc_separator color=\u00bbcustom\u00bb border_width=\u00bb2&#8243; accent_color=\u00bb#d7af00&#8243; css=\u00bb.vc_custom_1470989799857{padding-top: 40px !important;padding-bottom: 40px !important;}\u00bb][vc_column_text css=\u00bb.vc_custom_1480678153671{padding-right: 10px !important;padding-left: 10px !important;}\u00bb]Federico Miranda es un guitarrista costarricense que aprendi\u00f3 a tocar guitarra de forma autodidacta a los 12 a\u00f1os. Su inspiraci\u00f3n de infancia fue la m\u00fasica [&hellip;]\" \/>\n<meta property=\"og:url\" content=\"https:\/\/federicomirandacr.com\/about-me\/\" \/>\n<meta property=\"og:site_name\" content=\"Federico Miranda\" \/>\n<meta property=\"article:modified_time\" content=\"2023-08-25T16:02:05+00:00\" \/>\n<meta name=\"twitter:card\" content=\"summary_large_image\" \/>\n<meta name=\"twitter:label1\" content=\"Tiempo de lectura\" \/>\n\t<meta name=\"twitter:data1\" content=\"3 minutos\" \/>\n<script type=\"application\/ld+json\" class=\"yoast-schema-graph\">{\"@context\":\"https:\/\/schema.org\",\"@graph\":[{\"@type\":\"WebPage\",\"@id\":\"https:\/\/federicomirandacr.com\/about-me\/\",\"url\":\"https:\/\/federicomirandacr.com\/about-me\/\",\"name\":\"Biography - Federico Miranda\",\"isPartOf\":{\"@id\":\"https:\/\/federicomirandacr.com\/es\/#website\"},\"datePublished\":\"2016-05-22T21:02:56+00:00\",\"dateModified\":\"2023-08-25T16:02:05+00:00\",\"breadcrumb\":{\"@id\":\"https:\/\/federicomirandacr.com\/about-me\/#breadcrumb\"},\"inLanguage\":\"es\",\"potentialAction\":[{\"@type\":\"ReadAction\",\"target\":[\"https:\/\/federicomirandacr.com\/about-me\/\"]}]},{\"@type\":\"BreadcrumbList\",\"@id\":\"https:\/\/federicomirandacr.com\/about-me\/#breadcrumb\",\"itemListElement\":[{\"@type\":\"ListItem\",\"position\":1,\"name\":\"Home\",\"item\":\"https:\/\/federicomirandacr.com\/\"},{\"@type\":\"ListItem\",\"position\":2,\"name\":\"Biography\"}]},{\"@type\":\"WebSite\",\"@id\":\"https:\/\/federicomirandacr.com\/es\/#website\",\"url\":\"https:\/\/federicomirandacr.com\/es\/\",\"name\":\"Federico Miranda\",\"description\":\"\",\"potentialAction\":[{\"@type\":\"SearchAction\",\"target\":{\"@type\":\"EntryPoint\",\"urlTemplate\":\"https:\/\/federicomirandacr.com\/es\/?s={search_term_string}\"},\"query-input\":\"required name=search_term_string\"}],\"inLanguage\":\"es\"}]}<\/script>\n<!-- \/ Yoast SEO plugin. -->","yoast_head_json":{"title":"Biography - Federico Miranda","robots":{"index":"index","follow":"follow","max-snippet":"max-snippet:-1","max-image-preview":"max-image-preview:large","max-video-preview":"max-video-preview:-1"},"canonical":"https:\/\/federicomirandacr.com\/about-me\/","og_locale":"es_ES","og_type":"article","og_title":"Biography - Federico Miranda","og_description":"[vc_row iron_row_type=\u00bbfull_width\u00bb iron_remove_padding_medium=\u00bb\u00bb iron_remove_padding_small=\u00bb\u00bb iron_overlay_pattern=\u00bb\u00bb iron_parallax=\u00bb\u00bb iron_bg_video=\u00bb\u00bb css=\u00bb.vc_custom_1476377990906{padding-top: 40vh !important;padding-bottom: 40vh !important;background-image: url(https:\/\/federicomirandacr.com\/wp-content\/uploads\/2016\/05\/Gandhi0184.jpg?id=2387) !important;background-position: center !important;background-repeat: no-repeat !important;background-size: cover !important;}\u00bb][vc_column][vc_custom_heading source=\u00bbpost_title\u00bb font_container=\u00bbtag:h1|font_size:87px|text_align:center|color:%23ffffff|line_height:87px\u00bb use_theme_fonts=\u00bbyes\u00bb fit_bg_text=\u00bb0&#8243; el_class=\u00bbfittext\u00bb][\/vc_column][\/vc_row][vc_row iron_row_type=\u00bbin_container\u00bb iron_remove_padding_medium=\u00bb\u00bb iron_remove_padding_small=\u00bbmobilenopadding\u00bb iron_overlay_pattern=\u00bb\u00bb iron_parallax=\u00bb\u00bb iron_bg_video=\u00bb\u00bb css=\u00bb.vc_custom_1470257463474{padding-top: 75px !important;padding-bottom: 75px !important;}\u00bb][vc_column css=\u00bb.vc_custom_1466002028564{padding-right: 15% !important;padding-left: 15% !important;}\u00bb][vc_column_text] Bio [\/vc_column_text][vc_separator color=\u00bbcustom\u00bb border_width=\u00bb2&#8243; accent_color=\u00bb#d7af00&#8243; css=\u00bb.vc_custom_1470989799857{padding-top: 40px !important;padding-bottom: 40px !important;}\u00bb][vc_column_text css=\u00bb.vc_custom_1480678153671{padding-right: 10px !important;padding-left: 10px !important;}\u00bb]Federico Miranda es un guitarrista costarricense que aprendi\u00f3 a tocar guitarra de forma autodidacta a los 12 a\u00f1os. Su inspiraci\u00f3n de infancia fue la m\u00fasica [&hellip;]","og_url":"https:\/\/federicomirandacr.com\/about-me\/","og_site_name":"Federico Miranda","article_modified_time":"2023-08-25T16:02:05+00:00","twitter_card":"summary_large_image","twitter_misc":{"Tiempo de lectura":"3 minutos"},"schema":{"@context":"https:\/\/schema.org","@graph":[{"@type":"WebPage","@id":"https:\/\/federicomirandacr.com\/about-me\/","url":"https:\/\/federicomirandacr.com\/about-me\/","name":"Biography - Federico Miranda","isPartOf":{"@id":"https:\/\/federicomirandacr.com\/es\/#website"},"datePublished":"2016-05-22T21:02:56+00:00","dateModified":"2023-08-25T16:02:05+00:00","breadcrumb":{"@id":"https:\/\/federicomirandacr.com\/about-me\/#breadcrumb"},"inLanguage":"es","potentialAction":[{"@type":"ReadAction","target":["https:\/\/federicomirandacr.com\/about-me\/"]}]},{"@type":"BreadcrumbList","@id":"https:\/\/federicomirandacr.com\/about-me\/#breadcrumb","itemListElement":[{"@type":"ListItem","position":1,"name":"Home","item":"https:\/\/federicomirandacr.com\/"},{"@type":"ListItem","position":2,"name":"Biography"}]},{"@type":"WebSite","@id":"https:\/\/federicomirandacr.com\/es\/#website","url":"https:\/\/federicomirandacr.com\/es\/","name":"Federico Miranda","description":"","potentialAction":[{"@type":"SearchAction","target":{"@type":"EntryPoint","urlTemplate":"https:\/\/federicomirandacr.com\/es\/?s={search_term_string}"},"query-input":"required name=search_term_string"}],"inLanguage":"es"}]}},"_links":{"self":[{"href":"https:\/\/federicomirandacr.com\/es\/wp-json\/wp\/v2\/pages\/85"}],"collection":[{"href":"https:\/\/federicomirandacr.com\/es\/wp-json\/wp\/v2\/pages"}],"about":[{"href":"https:\/\/federicomirandacr.com\/es\/wp-json\/wp\/v2\/types\/page"}],"author":[{"embeddable":true,"href":"https:\/\/federicomirandacr.com\/es\/wp-json\/wp\/v2\/users\/2"}],"replies":[{"embeddable":true,"href":"https:\/\/federicomirandacr.com\/es\/wp-json\/wp\/v2\/comments?post=85"}],"version-history":[{"count":110,"href":"https:\/\/federicomirandacr.com\/es\/wp-json\/wp\/v2\/pages\/85\/revisions"}],"predecessor-version":[{"id":2650,"href":"https:\/\/federicomirandacr.com\/es\/wp-json\/wp\/v2\/pages\/85\/revisions\/2650"}],"wp:attachment":[{"href":"https:\/\/federicomirandacr.com\/es\/wp-json\/wp\/v2\/media?parent=85"}],"curies":[{"name":"wp","href":"https:\/\/api.w.org\/{rel}","templated":true}]}}